{"id":7,"date":"2017-03-28T14:58:59","date_gmt":"2017-03-28T14:58:59","guid":{"rendered":"http:\/\/konsmet.com.pl\/?page_id=7"},"modified":"2023-04-04T11:52:25","modified_gmt":"2023-04-04T11:52:25","slug":"start","status":"publish","type":"page","link":"https:\/\/konsmet.com.pl\/en\/","title":{"rendered":"Start"},"content":{"rendered":"<section class=\"wpb-content-wrapper\">[vc_row][vc_column][mk_revslider id=&#8221;sliderhome_en&#8221;][\/vc_column][\/vc_row][vc_row css=&#8221;.vc_custom_1490884979476{margin-top: 50px !important;}&#8221;][vc_column width=&#8221;1\/3&#8243;][mk_title_box font_family=&#8221;none&#8221;]\n<p style=\"text-align: left;\"><b>About us<\/b><\/p>\n[\/mk_title_box][vc_column_text]\n<p style=\"text-align: justify;\">Konsmet is a combination of long-term experience and new and emerging technologies. Innovations where customers benefit, (that make our clients benefit) and proven solutions guarantee constant reliability.<br \/>\n<a href=\"http:\/\/konsmet.com.pl\/?page_id=12\">Read more \u00bb\u00a0<\/a><\/p>\n[\/vc_column_text][\/vc_column][vc_column width=&#8221;1\/3&#8243;][mk_title_box font_family=&#8221;none&#8221;]\n<p style=\"text-align: left;\"><b>Products<\/b><\/p>\n[\/mk_title_box][vc_column_text]\n<p style=\"text-align: justify;\">Top quality and fast realisation of services are what make us creditable. Our products are designed and built to exactly fit our customers\u2019 needs and objectives.<br \/>\n<a href=\"http:\/\/konsmet.com.pl\/?page_id=14\">Read more \u00bb<\/a><\/p>\n[\/vc_column_text][\/vc_column][vc_column width=&#8221;1\/3&#8243;][mk_title_box font_family=&#8221;none&#8221;]\n<p style=\"text-align: left;\"><b>ENGINEERING AND DESIGN<\/b><\/p>\n[\/mk_title_box][vc_column_text]\n<p style=\"text-align: justify;\">Konsmet designers not only plan and manage the production but also suggest their own solutions, which result in gaining competitive advantage. We are proud of them.<br \/>\n<a href=\"http:\/\/konsmet.com.pl\/?page_id=15\">Read more \u00bb<\/a><\/p>\n[\/vc_column_text][\/vc_column][\/vc_row][vc_row css=&#8221;.vc_custom_1490885276900{margin-top: 30px !important;margin-bottom: 70px !important;}&#8221;][vc_column][mk_clients count=&#8221;8&#8243; clients=&#8221;40, 37, 34, 63, 60, 57, 54, 51, 48, 45&#8243;][\/vc_column][\/vc_row]\n<\/section>","protected":false},"excerpt":{"rendered":"<p>[vc_row][vc_column][mk_revslider id=&#8221;sliderhome_en&#8221;][\/vc_column][\/vc_row][vc_row css=&#8221;.vc_custom_1490884979476{margin-top: 50px !important;}&#8221;][vc_column width=&#8221;1\/3&#8243;][mk_title_box font_family=&#8221;none&#8221;] About us [\/mk_title_box][vc_column_text] Konsmet is a combination of long-term experience and new and emerging technologies. Innovations where customers benefit, (that make our clients benefit) and proven solutions guarantee constant reliability. Read more \u00bb\u00a0 [\/vc_column_text][\/vc_column][vc_column width=&#8221;1\/3&#8243;][mk_title_box font_family=&#8221;none&#8221;] Products [\/mk_title_box][vc_column_text] Top quality and fast realisation of services are what make [&hellip;]<\/p>\n","protected":false},"author":1,"featured_media":0,"parent":0,"menu_order":0,"comment_status":"closed","ping_status":"closed","template":"","meta":{"inline_featured_image":false},"yoast_head":"<!-- This site is optimized with the Yoast SEO plugin v20.3 - https:\/\/yoast.com\/wordpress\/plugins\/seo\/ -->\n<title>Start - Konsmet<\/title>\n<meta name=\"description\" content=\"Konstrukcj\u0119 Daj\u0105ce Przewag\u0119. Zwyci\u0119\u017caj Razem Z nami. Park Maszynowy. Realizacje w gronie najlepszych Firm.\" \/>\n<meta name=\"robots\" content=\"index, follow, max-snippet:-1, max-image-preview:large, max-video-preview:-1\" \/>\n<link rel=\"canonical\" href=\"https:\/\/konsmet.com.pl\/\" \/>\n<meta property=\"og:locale\" content=\"en_US\" \/>\n<meta property=\"og:type\" content=\"article\" \/>\n<meta property=\"og:title\" content=\"Start - Konsmet\" \/>\n<meta property=\"og:description\" content=\"Konstrukcj\u0119 Daj\u0105ce Przewag\u0119. Zwyci\u0119\u017caj Razem Z nami. Park Maszynowy. Realizacje w gronie najlepszych Firm.\" \/>\n<meta property=\"og:url\" content=\"https:\/\/konsmet.com.pl\/\" \/>\n<meta property=\"og:site_name\" content=\"Konsmet\" \/>\n<meta property=\"article:modified_time\" content=\"2023-04-04T11:52:25+00:00\" \/>\n<meta name=\"twitter:card\" content=\"summary_large_image\" \/>\n<meta name=\"twitter:label1\" content=\"Est. reading time\" \/>\n\t<meta name=\"twitter:data1\" content=\"4 minutes\" \/>\n<script type=\"application\/ld+json\" class=\"yoast-schema-graph\">{\"@context\":\"https:\/\/schema.org\",\"@graph\":[{\"@type\":\"WebPage\",\"@id\":\"https:\/\/konsmet.com.pl\/\",\"url\":\"https:\/\/konsmet.com.pl\/\",\"name\":\"Start - Konsmet\",\"isPartOf\":{\"@id\":\"https:\/\/konsmet.com.pl\/#website\"},\"datePublished\":\"2017-03-28T14:58:59+00:00\",\"dateModified\":\"2023-04-04T11:52:25+00:00\",\"description\":\"Konstrukcj\u0119 Daj\u0105ce Przewag\u0119. Zwyci\u0119\u017caj Razem Z nami. Park Maszynowy. Realizacje w gronie najlepszych Firm.\",\"breadcrumb\":{\"@id\":\"https:\/\/konsmet.com.pl\/#breadcrumb\"},\"inLanguage\":\"en-US\",\"potentialAction\":[{\"@type\":\"ReadAction\",\"target\":[\"https:\/\/konsmet.com.pl\/\"]}]},{\"@type\":\"BreadcrumbList\",\"@id\":\"https:\/\/konsmet.com.pl\/#breadcrumb\",\"itemListElement\":[{\"@type\":\"ListItem\",\"position\":1,\"name\":\"Strona g\u0142\u00f3wna\",\"item\":\"https:\/\/konsmet.com.pl\/\"},{\"@type\":\"ListItem\",\"position\":2,\"name\":\"Start\"}]},{\"@type\":\"WebSite\",\"@id\":\"https:\/\/konsmet.com.pl\/#website\",\"url\":\"https:\/\/konsmet.com.pl\/\",\"name\":\"Konsmet\",\"description\":\"Konsmet\",\"publisher\":{\"@id\":\"https:\/\/konsmet.com.pl\/#organization\"},\"potentialAction\":[{\"@type\":\"SearchAction\",\"target\":{\"@type\":\"EntryPoint\",\"urlTemplate\":\"https:\/\/konsmet.com.pl\/?s={search_term_string}\"},\"query-input\":\"required name=search_term_string\"}],\"inLanguage\":\"en-US\"},{\"@type\":\"Organization\",\"@id\":\"https:\/\/konsmet.com.pl\/#organization\",\"name\":\"Konsmet Sp z o.o.\",\"url\":\"https:\/\/konsmet.com.pl\/\",\"logo\":{\"@type\":\"ImageObject\",\"inLanguage\":\"en-US\",\"@id\":\"https:\/\/konsmet.com.pl\/#\/schema\/logo\/image\/\",\"url\":\"https:\/\/konsmet.com.pl\/wp-content\/uploads\/2023\/03\/konsmet_logo.jpg\",\"contentUrl\":\"https:\/\/konsmet.com.pl\/wp-content\/uploads\/2023\/03\/konsmet_logo.jpg\",\"width\":448,\"height\":201,\"caption\":\"Konsmet Sp z o.o.\"},\"image\":{\"@id\":\"https:\/\/konsmet.com.pl\/#\/schema\/logo\/image\/\"}}]}<\/script>\n<!-- \/ Yoast SEO plugin. -->","yoast_head_json":{"title":"Start - Konsmet","description":"Konstrukcj\u0119 Daj\u0105ce Przewag\u0119. Zwyci\u0119\u017caj Razem Z nami. Park Maszynowy. Realizacje w gronie najlepszych Firm.","robots":{"index":"index","follow":"follow","max-snippet":"max-snippet:-1","max-image-preview":"max-image-preview:large","max-video-preview":"max-video-preview:-1"},"canonical":"https:\/\/konsmet.com.pl\/","og_locale":"en_US","og_type":"article","og_title":"Start - Konsmet","og_description":"Konstrukcj\u0119 Daj\u0105ce Przewag\u0119. Zwyci\u0119\u017caj Razem Z nami. Park Maszynowy. Realizacje w gronie najlepszych Firm.","og_url":"https:\/\/konsmet.com.pl\/","og_site_name":"Konsmet","article_modified_time":"2023-04-04T11:52:25+00:00","twitter_card":"summary_large_image","twitter_misc":{"Est. reading time":"4 minutes"},"schema":{"@context":"https:\/\/schema.org","@graph":[{"@type":"WebPage","@id":"https:\/\/konsmet.com.pl\/","url":"https:\/\/konsmet.com.pl\/","name":"Start - Konsmet","isPartOf":{"@id":"https:\/\/konsmet.com.pl\/#website"},"datePublished":"2017-03-28T14:58:59+00:00","dateModified":"2023-04-04T11:52:25+00:00","description":"Konstrukcj\u0119 Daj\u0105ce Przewag\u0119. Zwyci\u0119\u017caj Razem Z nami. Park Maszynowy. Realizacje w gronie najlepszych Firm.","breadcrumb":{"@id":"https:\/\/konsmet.com.pl\/#breadcrumb"},"inLanguage":"en-US","potentialAction":[{"@type":"ReadAction","target":["https:\/\/konsmet.com.pl\/"]}]},{"@type":"BreadcrumbList","@id":"https:\/\/konsmet.com.pl\/#breadcrumb","itemListElement":[{"@type":"ListItem","position":1,"name":"Strona g\u0142\u00f3wna","item":"https:\/\/konsmet.com.pl\/"},{"@type":"ListItem","position":2,"name":"Start"}]},{"@type":"WebSite","@id":"https:\/\/konsmet.com.pl\/#website","url":"https:\/\/konsmet.com.pl\/","name":"Konsmet","description":"Konsmet","publisher":{"@id":"https:\/\/konsmet.com.pl\/#organization"},"potentialAction":[{"@type":"SearchAction","target":{"@type":"EntryPoint","urlTemplate":"https:\/\/konsmet.com.pl\/?s={search_term_string}"},"query-input":"required name=search_term_string"}],"inLanguage":"en-US"},{"@type":"Organization","@id":"https:\/\/konsmet.com.pl\/#organization","name":"Konsmet Sp z o.o.","url":"https:\/\/konsmet.com.pl\/","logo":{"@type":"ImageObject","inLanguage":"en-US","@id":"https:\/\/konsmet.com.pl\/#\/schema\/logo\/image\/","url":"https:\/\/konsmet.com.pl\/wp-content\/uploads\/2023\/03\/konsmet_logo.jpg","contentUrl":"https:\/\/konsmet.com.pl\/wp-content\/uploads\/2023\/03\/konsmet_logo.jpg","width":448,"height":201,"caption":"Konsmet Sp z o.o."},"image":{"@id":"https:\/\/konsmet.com.pl\/#\/schema\/logo\/image\/"}}]}},"_links":{"self":[{"href":"https:\/\/konsmet.com.pl\/en\/wp-json\/wp\/v2\/pages\/7"}],"collection":[{"href":"https:\/\/konsmet.com.pl\/en\/wp-json\/wp\/v2\/pages"}],"about":[{"href":"https:\/\/konsmet.com.pl\/en\/wp-json\/wp\/v2\/types\/page"}],"author":[{"embeddable":true,"href":"https:\/\/konsmet.com.pl\/en\/wp-json\/wp\/v2\/users\/1"}],"replies":[{"embeddable":true,"href":"https:\/\/konsmet.com.pl\/en\/wp-json\/wp\/v2\/comments?post=7"}],"version-history":[{"count":38,"href":"https:\/\/konsmet.com.pl\/en\/wp-json\/wp\/v2\/pages\/7\/revisions"}],"predecessor-version":[{"id":859,"href":"https:\/\/konsmet.com.pl\/en\/wp-json\/wp\/v2\/pages\/7\/revisions\/859"}],"wp:attachment":[{"href":"https:\/\/konsmet.com.pl\/en\/wp-json\/wp\/v2\/media?parent=7"}],"curies":[{"name":"wp","href":"https:\/\/api.w.org\/{rel}","templated":true}]}}